{"id":1708,"date":"2023-05-24T01:28:05","date_gmt":"2023-05-24T01:28:05","guid":{"rendered":"https:\/\/californiasistercities.org\/?page_id=1708"},"modified":"2024-08-12T21:49:18","modified_gmt":"2024-08-12T21:49:18","slug":"city-directory","status":"publish","type":"page","link":"https:\/\/californiasistercities.org\/?page_id=1708","title":{"rendered":"City Directory"},"content":{"rendered":"<section class=\"wpb-content-wrapper\"><p>[vc_row][vc_column width=&#8221;1\/2&#8243;][vc_column_text]<strong>Alameda<\/strong><br \/>\nJiangyin, China<br \/>\nYeongdong-Gun,\u00a0South\u00a0Korea<br \/>\nVarazze, Italy<br \/>\nDumaguete,\u00a0Philippines<\/p>\n<p><strong>Anaheim<\/strong><br \/>\nMito,\u00a0Japan<br \/>\nVitoria-Gasteiz,\u00a0Spain<\/p>\n<p><strong>Antioch<\/strong><br \/>\nChichibu,\u00a0Japan<br \/>\nHidalgo\u00a0del\u00a0Parral,\u00a0Mexico<br \/>\nLazaro\u00a0Cardenas,\u00a0Mexico<\/p>\n<p><strong>Bakersfield<\/strong><br \/>\nPartyzanski District, Minsk,\u00a0Belarus<br \/>\nCixi, China Amritsar, India<br \/>\nWakayama, Japan<br \/>\nQueretaro,\u00a0Mexico<br \/>\nBucheon,\u00a0South\u00a0Korea<\/p>\n<p><strong>Beverly\u00a0Hills<\/strong><br \/>\nPudong\u00a0District,\u00a0Shanghai,\u00a0China<br \/>\nCannes, France<br \/>\nHerzliya, Israel<br \/>\nAcapulco,\u00a0Mexico<\/p>\n<p><strong>Burbank<\/strong><br \/>\nGaborone,\u00a0Botswana<br \/>\nOta, Japan<br \/>\nIncheon,\u00a0South\u00a0Korea<br \/>\nSolna, Sweden<\/p>\n<p><strong>Carlsbad<\/strong><br \/>\nKarlovy\u00a0Vary,\u00a0Czech\u00a0Republic<br \/>\nFuttsu,\u00a0Japan<\/p>\n<p><strong>Carson<\/strong><br \/>\nSoka, Japan<br \/>\nPara\u00f1aque,\u00a0Philippines<br \/>\nLa Carlota, Philippines<br \/>\nWanju-Gu\u00a0County,\u00a0South\u00a0Korea<\/p>\n<p><strong>Cudahy<\/strong><\/p>\n<p><strong>Culver\u00a0City<\/strong><br \/>\nLethbridge,\u00a0Canada<br \/>\nYanji,\u00a0China<br \/>\nCapo\u00a0d\u2019Orlando,\u00a0Italy<br \/>\nKaizuka, Japan<br \/>\nUruapan, Mexico<br \/>\nIksan,\u00a0South Korea<br \/>\nIri, South Korea<\/p>\n<p><strong>Cupertino<\/strong><br \/>\nBhubaneswar,\u00a0India<br \/>\nCopertino, Italy<br \/>\nToyokawa, Japan<br \/>\nHsinchu, Taiwan<\/p>\n<p><strong>Dana\u00a0Point<\/strong><br \/>\nSorrento,\u00a0Italy<\/p>\n<p><strong>Dublin<\/strong><\/p>\n<p><strong>Elk\u00a0Grove<\/strong><br \/>\nConcepci\u00f3n\u00a0de\u00a0Ataco,\u00a0El\u00a0Salvador<\/p>\n<p><strong>Gardena<\/strong><br \/>\nHuatabampo, Mexico<br \/>\nIchikawa, Japan<\/p>\n<p><strong>Hayward<\/strong><br \/>\nGhazni,\u00a0Afghanistan<br \/>\nFunabashi, Japan<br \/>\nSan Felipe, Mexico<br \/>\nFaro, Portugal<\/p>\n<p><strong>Hemet<\/strong><br \/>\nKushimoto,\u00a0Japan<br \/>\nMarumori, Japan<br \/>\nHermosa\u00a0Beach<br \/>\nLoreto,\u00a0Mexico<\/p>\n<p><strong>Irvine<\/strong><br \/>\nTsukuba, Japan<br \/>\nHermosillo, Mexico<br \/>\nSeocho, South Korea<br \/>\nNowon,\u00a0South\u00a0Korea<br \/>\nTaoyuan, Taiwan<\/p>\n<p><strong>La\u00a0Ca\u00f1ada\u00a0Flintridge<\/strong><br \/>\nVillanueva\u00a0de\u00a0la\u00a0Ca\u00f1ada,\u00a0Spain<\/p>\n<p><strong>Laguna\u00a0Beach<\/strong><br \/>\nMenton,\u00a0France<br \/>\nSan Jos\u00e9 del Cabo, Mexico<br \/>\nSt Ives, Cornwall,\u00a0England,\u00a0United Kingdom<\/p>\n<p><strong>Livermore<\/strong><br \/>\nQuetzaltenango,\u00a0Guatemala<br \/>\nYotsukaido, Japan<br \/>\nSnezhinsk,\u00a0Russia<\/p>\n<p><strong>Lodi<\/strong><br \/>\nLodi, Italy<br \/>\nKofu,\u00a0Japan<\/p>\n<p><strong>Long\u00a0Beach<\/strong><br \/>\nPhnom\u00a0Penh,\u00a0Cambodia<br \/>\nQingdao, China<br \/>\nSan Pablo de Manta, Ecuador<br \/>\nYokkaichi, Japan<br \/>\nMombasa, Kenya<br \/>\nBacolod, Philippines<br \/>\nSochi, Russia<br \/>\nRosarito\u00a0Beach,\u00a0Mexico<br \/>\nVenice,\u00a0Italy<br \/>\nIzmir,\u00a0Turkey<\/p>\n<p><strong>Los\u00a0Angeles<\/strong><br \/>\nYerevan, Armenia<br \/>\nSalvador, Brazil<br \/>\nVancouver,\u00a0Canada<br \/>\nGuangzhou, China<br \/>\nSplit,\u00a0Croatia<br \/>\nGiza,\u00a0Egypt<br \/>\nSan\u00a0Salvador,\u00a0El\u00a0Salvador<br \/>\nBordeaux, France<br \/>\nBerlin, Germany<br \/>\nAthens, Greece<br \/>\nMumbai, India<br \/>\nJakarta, Indonesia<br \/>\nTehran, Iran<br \/>\nEilat, Israel<br \/>\nIschia, Italy<br \/>\nNagoya,\u00a0Japan<br \/>\nBeirut,\u00a0Lebanon<br \/>\nKaunas, Lithuania<br \/>\nMexico City, Mexico<br \/>\nAuckland,\u00a0New\u00a0Zealand<br \/>\nMakati, Philippines<br \/>\nSt. Petersburg, Russia<br \/>\nBusan, South\u00a0Korea<br \/>\nNew\u00a0Taipei\u00a0City,\u00a0Taiwan<br \/>\nTaipei\u00a0Municipality,\u00a0Taiwan<br \/>\nLusaka, Zambia<\/p>\n<p><strong>Malibu<\/strong><br \/>\nLijiang,\u00a0China<\/p>\n<p><strong>Mendocino<\/strong><br \/>\nMiasa-Omachi,\u00a0Japan<\/p>\n<p><strong>Menlo\u00a0Park<\/strong><br \/>\nGalway,\u00a0Ireland<br \/>\nBizen, Japan<br \/>\nKochi,\u00a0India<br \/>\nXinbei District\u00a0(Changzhou),\u00a0China<\/p>\n<p><strong>Modesto<\/strong><br \/>\nVernon,\u00a0British\u00a0Columbia,\u00a0Canada<br \/>\nMengzi, China<br \/>\nLaval, France<br \/>\nVijayawada,\u00a0India<br \/>\nKurume, Japan<br \/>\nAguascalientes,\u00a0Mexico<br \/>\nKhmelnytskyi,\u00a0Ukraine<\/p>\n<p><strong>Monterey<\/strong><br \/>\nLankaran, Azerbaijan<br \/>\nDubrovnik,\u00a0Croatia<br \/>\nIsola\u00a0delle\u00a0Femmine,\u00a0Italy<br \/>\nNanao, Japan<br \/>\nLleida, Spain<br \/>\nTainan\u00a0City,\u00a0Taiwan<br \/>\nKusadasi, Turkey<\/p>\n<p><strong>Newport Beach<\/strong><br \/>\nAntibes, France<br \/>\nEnsenada, Mexico<br \/>\nOkazaki, Japan<\/p>\n<p><strong>Morgan\u00a0Hill<\/strong><br \/>\nHeadford,\u00a0Ireland<br \/>\nSan Casciano in Val di Pesa,\u00a0Italy<br \/>\nMizuho,\u00a0Japan<br \/>\nSan\u00a0Martin\u00a0de\u00a0Hidalgo,\u00a0Mexico<br \/>\nAmeca, Mexico<br \/>\nSeferihisar,\u00a0Turkey<\/p>\n<p><strong>Mountain\u00a0View<\/strong><br \/>\nHasselt,\u00a0Belgium<br \/>\nIwata, Japan<\/p>\n<div>\n<p><strong>Ontario<\/strong><br \/>\nBrockville, Ontario, Canada<br \/>\nGuamuchil, Mexico<br \/>\nJieyang, China<br \/>\nMocorito, Mexico<br \/>\nWinterthur, Switzerland<\/p>\n<p><strong>Oxnard<\/strong><\/p>\n<p><strong>Palm\u00a0Desert<\/strong><br \/>\nIxtapa\u00a0Zihuatanejo,\u00a0Mexico<br \/>\nGisborne,\u00a0New\u00a0Zealand<\/p>\n<p><strong>Palm\u00a0Springs<\/strong><br \/>\nSan\u00a0Miguel\u00a0de\u00a0Allende,\u00a0Mexico<\/p>\n<p><strong>Palo\u00a0Alto<\/strong><br \/>\nAlbi,\u00a0France<br \/>\nYangpu\u00a0District,\u00a0Shanghai,\u00a0China<br \/>\nHeidelberg, Germany<br \/>\nTsuchiura, Japan<br \/>\nOaxaca, Mexico<br \/>\nEnschede,\u00a0Netherlands<br \/>\nPalo, Philippines<br \/>\nLinkoping, Sweden<\/p>\n<p><strong>Pasadena<\/strong><br \/>\nDakar-Plateau, Senegal<br \/>\nJ\u00e4rvenp\u00e4\u00e4, Finland<br \/>\nLudwigshafen, Germany<br \/>\nMishima, Japan<br \/>\nVanadzor, Armenia<br \/>\nXicheng, China<\/p>\n<p><strong>Redondo Beach<\/strong><br \/>\nEnsenada, Mexico<br \/>\nItoman, Japan (Friendship City)<br \/>\nLa Paz, Mexico<br \/>\nZhangjiagang, China<\/p>\n<p><strong>Redwood\u00a0City<\/strong><br \/>\nZhuhai, China<br \/>\nColima,\u00a0Mexico<br \/>\nCiudad\u00a0Guzman,\u00a0Mexico<\/p>\n<p><strong>Richmond<\/strong><br \/>\nZhoushan,\u00a0China<br \/>\nRegla, Cuba<br \/>\nShimada, Japan<\/p>\n<p><strong>Riverbank<\/strong><br \/>\nFuyang, China<br \/>\nTamazula\u00a0de\u00a0Gordiano, Mexico<\/p>\n<p><strong>Riverside<\/strong><br \/>\nJiangmen,\u00a0China<br \/>\nErlangen, Germany<br \/>\nObuasi,\u00a0Ghana<br \/>\nHyderabad, India<br \/>\nSendai, Japan<br \/>\nCuautla, Mexico<br \/>\nEnsenada,\u00a0Mexico<br \/>\nGangnam-Gu,\u00a0South Korea<br \/>\nCan Tho, Vietnam<\/p>\n<p><strong>Sacramento<\/strong><br \/>\nJinan,\u00a0China<br \/>\nAshkelon, Israel<br \/>\nMatsuyama,\u00a0Japan<br \/>\nMexicali, Mexico<br \/>\nChisinau, Moldova<br \/>\nHamilton,\u00a0New\u00a0Zealand<br \/>\nSan Juan de Oriente,\u00a0Nicaragua<br \/>\nBethlehem,\u00a0Palestinian\u00a0Territories<br \/>\nPasay,\u00a0Philippines\u00a0Manila,\u00a0Philippines<br \/>\nYongsan-Gu,\u00a0South Korea<br \/>\nLiestal, Switzerland<\/p>\n<p><strong>San\u00a0Bernardino<\/strong><br \/>\nYushu, China<br \/>\nTachikawa,\u00a0Japan<\/p>\n<div>\n<p><strong>San Clemente<\/strong><br \/>\nBalcarce, Argentina<br \/>\nSan Clemente del Tuyu, Argentina<br \/>\nSan Jose de Balcarce, Argentina<\/p>\n<p><strong>San\u00a0Diego<\/strong><br \/>\nJalalabad,\u00a0Afghanistan<br \/>\nPerth, Australia<br \/>\nSpittal\u00a0an\u00a0der\u00a0Drau,\u00a0Austria<br \/>\nCampinas, Brazil<br \/>\nYantai, China<br \/>\nMarseille, France<br \/>\nTema, Ghana<br \/>\nYokohama,\u00a0Japan<br \/>\nAmboseli, Kenya<br \/>\nLeon, Mexico<br \/>\nTijuana,\u00a0Mexico<br \/>\nPanama City, Panama<br \/>\nCavite,\u00a0Philippines<br \/>\nWarsaw, Poland<br \/>\nVladivostok, Russia<br \/>\nJeonju, South Korea<br \/>\nAlcal\u00e1\u00a0de\u00a0Henares,\u00a0Spain<br \/>\nTaichung, Taiwan<br \/>\nEdinburgh,\u00a0Scotland,\u00a0United\u00a0Kingdom<\/p>\n<p><strong>San Francisco<\/strong><br \/>\nSydney, Australia<br \/>\nShanghai, China<br \/>\nAbidjan,\u00a0C\u00f4te\u00a0d\u2019Ivoire<br \/>\nParis, France<br \/>\nKiel, Germany<br \/>\nThessaloniki,\u00a0Greece<br \/>\nBangalore, India<br \/>\nCork, Ireland<br \/>\nHaifa, Israel<br \/>\nAssisi, Italy<br \/>\nOsaka,\u00a0Japan<br \/>\nAmman, Jordan<br \/>\nManila,\u00a0Philippines<br \/>\nKrakow, Poland<br \/>\nTaipei, Taiwan<br \/>\nSeoul, South Korea<br \/>\nZurich,\u00a0Switzerland<br \/>\nBarcelona, Spain<br \/>\nHo\u00a0Chi\u00a0Minh,\u00a0Vietnam<\/p>\n<p><strong>San\u00a0Jose<\/strong><br \/>\nSan\u00a0Jose,\u00a0Costa\u00a0Rica<br \/>\nPune, India<br \/>\nDublin, Ireland<br \/>\nOkayama, Japan<br \/>\nVeracruz, Mexico<br \/>\nGuadalajara,\u00a0Mexico<br \/>\nEkaterinburg,\u00a0Russia<br \/>\nTainan City,\u00a0Taiwan<\/p>\n<p><strong>San\u00a0Pablo<\/strong><br \/>\nManzanillo,\u00a0Mexico<\/p>\n<p><strong>Santa\u00a0Barbara<\/strong><br \/>\nWeihai,\u00a0China<br \/>\nPatras,\u00a0Greece<br \/>\nToba, Japan<br \/>\nPuerto\u00a0Vallarta,\u00a0Mexico<br \/>\nKotor, Montenegro<br \/>\nSan Juan,\u00a0Philippines<\/p>\n<p><strong>Santa\u00a0Clara\u00a0County<\/strong><br \/>\nMetropolitan\u00a0City of Florence, Italy<br \/>\nMoscow, Russia<br \/>\nHsinchu\u00a0County,\u00a0Taiwan<\/p>\n<p><strong>Santa\u00a0Clarita<\/strong><br \/>\nTena, Ecuador<br \/>\nSariaya,\u00a0Philippines<\/p>\n<p><strong>Santa\u00a0Cruz<\/strong><br \/>\nChivirico, Cuba<br \/>\nSestri\u00a0Levante,\u00a0Italy<br \/>\nRiva\u00a0Trigoso,\u00a0Italy<br \/>\nShingu, Japan<br \/>\nJinotepe,\u00a0Nicaragua<br \/>\nKasese,\u00a0Uganda<br \/>\nAlushta,\u00a0Ukraine<br \/>\nPuerto\u00a0La\u00a0Cruz,\u00a0Venezuela<\/p>\n<p><strong>Santa\u00a0Fe\u00a0Springs<\/strong><br \/>\nTirschenreuth,\u00a0Germany<br \/>\nNavojoa,\u00a0Mexico<\/p>\n<p><strong>Santa\u00a0Monica<\/strong><br \/>\nHamm, Germany<br \/>\nFujinomiya,\u00a0Japan<br \/>\nKizugawa, Japan<br \/>\nMazatlan,\u00a0Mexico<\/p>\n<p><strong>Seaside<\/strong><\/p>\n<p><strong>Sebastopol<\/strong><br \/>\nTakeo,\u00a0Japan<br \/>\nChyhyryn,\u00a0Ukraine<\/p>\n<p><strong>South\u00a0San\u00a0Francisco<\/strong><br \/>\nSt.\u00a0Jean\u00a0Pied\u00a0de\u00a0Port,\u00a0France<br \/>\nLucca, Italy<br \/>\nKishiwada, Japan<br \/>\nAtotonilco, Mexico<br \/>\nPasig City, Philippines<\/p>\n<p><strong>Stockton<\/strong><br \/>\nBattambang,\u00a0Cambodia<br \/>\nFoshan, China<br \/>\nParma, Italy<br \/>\nShimizu\/Shizuoka,\u00a0Japan<br \/>\nEmpalme, Mexico<br \/>\nAsaba, Nigeria<br \/>\nIloilo,\u00a0Philippines<\/p>\n<p><strong>Temecula<\/strong><br \/>\nDaisen\u00a0(Nakayama),\u00a0Japan<\/p>\n<p><strong>Temple City<\/strong><br \/>\nHawkesbury, Australia<br \/>\nMagdalena de Kino, Mexico<\/p>\n<p><strong>Union\u00a0City<\/strong><br \/>\nAsadabad,\u00a0Afghanistan<br \/>\nLiyang, China<br \/>\nJalandhar, India<br \/>\nSana\u00a0Rosalia,\u00a0Mexico<br \/>\nBaybay,\u00a0Philippines<br \/>\nPasay, Philippines<br \/>\nChiang Rai, Thailand<\/p>\n<p><strong>Upland<\/strong><br \/>\nMildura,\u00a0Australia<br \/>\nCaborca,\u00a0Mexico<\/p>\n<p><strong>Vallejo<\/strong><br \/>\nLa\u00a0Spezia,\u00a0Italy<br \/>\nAkashi, Japan<br \/>\nTrondheim,\u00a0Norway<br \/>\nBaguio,\u00a0Philippines<br \/>\nJincheon,\u00a0South\u00a0Korea<br \/>\nBagamoyo, Tanzania<\/p>\n<p><strong>Walnut\u00a0Creek<\/strong><br \/>\nSiofok,\u00a0Hungary<br \/>\nNoceto, Italy<\/p>\n<p><strong>Whittier<\/strong><br \/>\nChangshu, China<\/p>\n<\/div>\n<\/div>\n<p>[\/vc_column_text][\/vc_column][vc_column width=&#8221;1\/2&#8243;][vc_single_image image=&#8221;1710&#8243; img_size=&#8221;large&#8221;][\/vc_column][\/vc_row][vc_row][vc_column][vc_column_text]<\/p>\n<h3 style=\"text-align: center;\"><strong>Go to the<\/strong><br \/>\n<a href=\"https:\/\/californiasistercities.org\/?page_id=1717\">Country Directory<\/a><\/h3>\n<p>[\/vc_column_text][\/vc_column][\/vc_row]<\/p>\n<\/section>","protected":false},"excerpt":{"rendered":"<p>[vc_row][vc_column width=&#8221;1\/2&#8243;][vc_column_text]Alameda Jiangyin, China Yeongdong-Gun,\u00a0South\u00a0Korea Varazze, Italy Dumaguete,\u00a0Philippines Anaheim Mito,\u00a0Japan Vitoria-Gasteiz,\u00a0Spain Antioch Chichibu,\u00a0Japan Hidalgo\u00a0del\u00a0Parral,\u00a0Mexico Lazaro\u00a0Cardenas,\u00a0Mexico Bakersfield Partyzanski District, Minsk,\u00a0Belarus Cixi, China Amritsar, India Wakayama, Japan Queretaro,\u00a0Mexico Bucheon,\u00a0South\u00a0Korea Beverly\u00a0Hills Pudong\u00a0District,\u00a0Shanghai,\u00a0China Cannes, France Herzliya, Israel Acapulco,\u00a0Mexico Burbank Gaborone,\u00a0Botswana Ota, Japan Incheon,\u00a0South\u00a0Korea&hellip;<\/p>\n","protected":false},"author":1,"featured_media":1710,"parent":0,"menu_order":0,"comment_status":"closed","ping_status":"closed","template":"","meta":{"footnotes":""},"class_list":["post-1708","page","type-page","status-publish","has-post-thumbnail","hentry"],"_links":{"self":[{"href":"https:\/\/californiasistercities.org\/index.php?rest_route=\/wp\/v2\/pages\/1708","targetHints":{"allow":["GET"]}}],"collection":[{"href":"https:\/\/californiasistercities.org\/index.php?rest_route=\/wp\/v2\/pages"}],"about":[{"href":"https:\/\/californiasistercities.org\/index.php?rest_route=\/wp\/v2\/types\/page"}],"author":[{"embeddable":true,"href":"https:\/\/californiasistercities.org\/index.php?rest_route=\/wp\/v2\/users\/1"}],"replies":[{"embeddable":true,"href":"https:\/\/californiasistercities.org\/index.php?rest_route=%2Fwp%2Fv2%2Fcomments&post=1708"}],"version-history":[{"count":0,"href":"https:\/\/californiasistercities.org\/index.php?rest_route=\/wp\/v2\/pages\/1708\/revisions"}],"wp:featuredmedia":[{"embeddable":true,"href":"https:\/\/californiasistercities.org\/index.php?rest_route=\/wp\/v2\/media\/1710"}],"wp:attachment":[{"href":"https:\/\/californiasistercities.org\/index.php?rest_route=%2Fwp%2Fv2%2Fmedia&parent=1708"}],"curies":[{"name":"wp","href":"https:\/\/api.w.org\/{rel}","templated":true}]}}