{"id":1717,"date":"2023-05-26T07:11:25","date_gmt":"2023-05-26T07:11:25","guid":{"rendered":"https:\/\/californiasistercities.org\/?page_id=1717"},"modified":"2024-08-12T21:54:46","modified_gmt":"2024-08-12T21:54:46","slug":"country-directory","status":"publish","type":"page","link":"https:\/\/californiasistercities.org\/?page_id=1717","title":{"rendered":"Country Directory"},"content":{"rendered":"<section class=\"wpb-content-wrapper\"><p>[vc_row][vc_column width=&#8221;1\/2&#8243;][vc_column_text]<strong>Afghanistan<\/strong><br \/>\nHayward, CA &#8211; Ghazni, Afghanistan<br \/>\nSan Diego &#8211; Jalalabad, Afghanistan<br \/>\nUnion City, CA &#8211; Asadabad, Afghanistan<\/p>\n<p><strong>Argentina<\/strong><br \/>\nSan Clemente, CA &#8211; Balcarce, Argentina<br \/>\nSan Clemente, CA &#8211; San Clemente del Tuyu, Argentina<br \/>\nSan Clemente, CA &#8211; San Jose de Balcarce, Argentina<\/p>\n<p><strong>Armenia<\/strong><br \/>\nLos Angeles, CA &#8211; Yerevan, Armenia<br \/>\nPasadena, CA &#8211; Vanadzor, Armenia<\/p>\n<p><strong>Australia<\/strong><br \/>\nSan Diego, CA &#8211; Perth, Australia<br \/>\nSan Francisco, CA &#8211; Sydney, Australia<br \/>\nTemple City, CA &#8211; Hawkesbury, Australia<br \/>\nUpland, CA &#8211; Mildura, Australia<\/p>\n<p><strong>Austria<\/strong><br \/>\nSan Diego, CA &#8211; Spittal an der Drau, Austria<\/p>\n<p><strong>Azerbaijan<\/strong><br \/>\nMonterey, CA &#8211; Lankaran, Azerbaijan<\/p>\n<p><strong>Belarus<\/strong><br \/>\nBakersfield, CA &#8211; Partyzanski District, Minsk, Belarus<\/p>\n<p><strong>Belgium<\/strong><br \/>\nMountain View, CA &#8211; Hasselt, Belgium<\/p>\n<p><strong>Botswana<\/strong><br \/>\nBurbank, CA &#8211; Gaborone, Botswana<\/p>\n<p><strong>Brazil<\/strong><br \/>\nLos Angeles, CA &#8211; Salvador, Brazil<br \/>\nSan Diego, CA &#8211; Campinas, Brazil<\/p>\n<p><strong>Cambodia<\/strong><br \/>\nLong Beach, CA &#8211; Phnom Penh, Cambodia<br \/>\nStockton, CA &#8211; Battambang, Cambodia<\/p>\n<p><strong>Canada<\/strong><br \/>\nCulver City, CA &#8211; Lethbridge, Canada<br \/>\nLos Angeles, CA &#8211; Vancouver, Canada<br \/>\nModesto, CA &#8211; Vernon, British Columbia, Canada<br \/>\nOntario, CA &#8211; Brockville, Ontario, Canada<\/p>\n<p><strong>China<\/strong><br \/>\nAlameda, CA &#8211; Jiangyin, China<br \/>\nBakersfield, CA &#8211; Cixi, China<br \/>\nBeverly Hills, CA &#8211; Pudong District, Shanghai, China<br \/>\nCulver City, CA &#8211; Yanji, China<br \/>\nLong Beach, CA &#8211; Qingdao, China<br \/>\nLos Angeles, CA &#8211; Guangzhou, China<br \/>\nMalibu, CA &#8211; Lijiang, China<br \/>\nMenlo Park, CA &#8211; Xinbei District (Changzhou), China<br \/>\nModest, CA &#8211; Mengzi, China<br \/>\nOntario, CA &#8211; Jieyang, China<br \/>\nPalo Alto, CA &#8211; Yangpu District, Shanghai, China<br \/>\nPasadena, CA &#8211; Xicheng, China<br \/>\nRedlands, CA &#8211; Linli, China<br \/>\nRedondo Beach, CA &#8211; Zhangjiagang, China<br \/>\nRedwood City, CA &#8211; Zhuhai, China<br \/>\nRichmond, CA &#8211; Zhoushan, China<br \/>\nRiverbank, CA &#8211; Fuyang, China<br \/>\nRiverside, CA &#8211; Jiangmen, China<br \/>\nSacramento, CA &#8211; Jinan, China<br \/>\nSan Bernardino, CA &#8211; Yushu, China<br \/>\nSan Diego, CA &#8211; Yantai, China<br \/>\nSan Francisco, CA &#8211; Shanghai, China<br \/>\nSanta Barbara, CA &#8211; Weihai, China<br \/>\nStockton, CA &#8211; Foshan, China<br \/>\nUnion City, CA &#8211; Liyang, China<br \/>\nWhittier, CA &#8211; Changshu, China<\/p>\n<p><strong>Costa Rica<\/strong><br \/>\nSan Jose, CA &#8211; San Jose, Costa Rica<\/p>\n<p><strong>Cote d\u2019Ivoire<\/strong><br \/>\nSan Francisco, CA &#8211; Abidjan, C\u00f4te d\u2019Ivoire<\/p>\n<p><strong>Croatia<\/strong><br \/>\nLos Angeles, CA &#8211; Split, Croatia<br \/>\nMonterey, CA &#8211; Dubrovnik, Croatia<\/p>\n<p><strong>Cuba<\/strong><br \/>\nRichmond, CA &#8211; Regla, Cuba<br \/>\nSanta Cruz, CA &#8211; Chivirico, Cuba<\/p>\n<p><strong>Czech Republic<\/strong><br \/>\nCarlsbad, CA &#8211; Karlovy Vary, Czech Republic<\/p>\n<p><strong>Ecuador<\/strong><br \/>\nLong Beach, CA &#8211; San Pablo de Manta, Ecuador<br \/>\nSanta Clarita, CA &#8211; Tena, Ecuador<\/p>\n<p><strong>Egypt<\/strong><br \/>\nLos Angeles, CA &#8211; Giza, Egypt<\/p>\n<p><strong>El Salvador<\/strong><br \/>\nElk Grove, CA &#8211; Concepci\u00f3n de Ataco, El Salvador<br \/>\nLos Angeles, CA &#8211; San Salvador, El Salvador<\/p>\n<p><strong>England<\/strong><br \/>\nLaguna Beach, CA &#8211; St Ives, Cornwall, England, United Kingdom<\/p>\n<p><strong>Finland<\/strong><br \/>\nPasadena, CA &#8211; J\u00e4rvenp\u00e4\u00e4, Finland<\/p>\n<p><strong>France<\/strong><br \/>\nBeverly Hills, CA &#8211; Cannes, France<br \/>\nLaguna Beach, CA &#8211; Menton, France<br \/>\nLos Angeles, CA &#8211; Bordeaux, France<br \/>\nModesto, CA &#8211; Laval, France<br \/>\nNewport Beach, CA &#8211; Antibes, France<br \/>\nPalo Alto, CA &#8211; Albi, France<br \/>\nSan Diego, CA &#8211; Marseille, France<br \/>\nSan Francisco, CA &#8211; Paris, France<br \/>\nSouth Francisco, CA &#8211; St. Jean Pied de Port, France<\/p>\n<p><strong>Germany<\/strong><br \/>\nLos Angeles, CA &#8211; Berlin, Germany<br \/>\nPalo Alto, CA &#8211; Heidelberg, Germany<br \/>\nPasadena, CA &#8211; Ludwigshafen, Germany<br \/>\nRiverside, CA &#8211; Erlangen, Germany<br \/>\nSan Francisco, CA &#8211; Kiel, Germany<br \/>\nSanta Fe Springs, CA &#8211; Tirschenreuth, Germany<br \/>\nSanta Monica, CA &#8211; Hamm, Germany<\/p>\n<p><strong>Ghana<\/strong><br \/>\nRiverside, CA &#8211; Obuasi, Ghana<br \/>\nSan Diego, CA &#8211; Tema, Ghana<\/p>\n<p><strong>Greece<\/strong><br \/>\nLos Angeles, CA &#8211; Athens, Greece<br \/>\nSanta Barbara, CA &#8211; Patras, Greece<br \/>\nSan Francisco, CA &#8211; Thessaloniki, Greece<\/p>\n<p><strong>Guatemala<\/strong><br \/>\nLivermore, CA &#8211; Quetzaltenango, Guatemala<\/p>\n<p><strong>Hungary<\/strong><br \/>\nWalnut, CA &#8211; Siofok, Hungary<\/p>\n<p><strong>India<\/strong><br \/>\nBakersfield, CA &#8211; Amritsar, India<br \/>\nCupertino, CA &#8211; Bhubaneswar, India<br \/>\nLos Angeles, CA &#8211; Mumbai, India<br \/>\nMenlo Park, CA &#8211; Kochi, India<br \/>\nModesto, CA &#8211; Vijayawada, India<br \/>\nRiverside, CA &#8211; Hyderabad, India<br \/>\nSan Francisco, CA &#8211; Bangalore, India<br \/>\nSan Jose, CA &#8211; Pune, India<br \/>\nUnion City, CA &#8211; Jalandhar, India<\/p>\n<p><strong>Indonesia<\/strong><br \/>\nLos Angeles, CA &#8211; Jakarta, Indonesia<\/p>\n<p><strong>Iran<\/strong><br \/>\nLos Angeles, CA &#8211; Tehran, Iran<\/p>\n<p><strong>Ireland<\/strong><br \/>\nMenlo Park, CA &#8211; Galway, Ireland<br \/>\nMorgan Hill, CA &#8211; Headford, Ireland<br \/>\nSan Francisco, CA &#8211; Cork, Ireland<br \/>\nSan Jose, CA &#8211; Dublin, Ireland<\/p>\n<p><strong>Israel<\/strong><br \/>\nBeverly Hills, CA &#8211; Herzliya, Israel<br \/>\nLos Angeles, CA &#8211; Eilat, Israel<br \/>\nSacramento, CA &#8211; Ashkelon, Israel<br \/>\nSan Francisco, CA &#8211; Haifa, Israel<\/p>\n<p><strong>Italy<\/strong><br \/>\nAlameda, CA &#8211; Varazze, Italy<br \/>\nBeverly Hills, CA &#8211; Herzliya, Israel<br \/>\nCulver City, CA &#8211; Capo d\u2019Orlando, Italy<br \/>\nCupertino, CA &#8211; Copertino, Italy<br \/>\nDana Point, CA &#8211; Sorrento, Italy<br \/>\nLodi, CA &#8211; Lodi, Italy<br \/>\nLong Beach, CA &#8211; Venice, Italy<br \/>\nLos Angeles, CA &#8211; Ischia, Italy<br \/>\nMonterey, CA &#8211; Isola delle Femmine, Italy<br \/>\nMorgan Hill, CA &#8211; San Casciano in Val di Pesa, Italy<br \/>\nSan Francisco, CA &#8211; Assisi, Italy<br \/>\nSanta Clara County, CA &#8211; Metropolitan City of Florence, Italy<br \/>\nSanta Cruz, CA &#8211; Sestri Levante, Italy<br \/>\nSanta Cruz, CA &#8211; Riva Trigoso, Italy<br \/>\nSouth San Francisco, CA &#8211; Lucca, Italy<br \/>\nStockton, CA &#8211; Parma, Italy<br \/>\nVallejo, CA &#8211; La Spezia, Italy<br \/>\nWalnut Creek, CA &#8211; Noceto, Italy<\/p>\n<p><strong>Japan<\/strong><br \/>\nAnaheim, CA &#8211; Mito, Japan<br \/>\nAntioch, CA &#8211; Chichibu, Japan<br \/>\nBakersfield, CA &#8211; Wakayama, Japan<br \/>\nBurbank, CA &#8211; Ota, Japan<br \/>\nCarlsbad, CA &#8211; Futtsu, Japan<br \/>\nCarson, CA &#8211; Soka, Japan<br \/>\nCulver City, CA &#8211; Kaizuka, Japan<br \/>\nCupertino, CA &#8211; Toyokawa, Japan<br \/>\nGardena, CA &#8211; Ichikawa, Japan<br \/>\nHayward, CA &#8211; Funabashi, Japan<br \/>\nHemet, CA &#8211; Kushimoto, Japan<br \/>\nHemet, CA &#8211; Marumori, Japan<br \/>\nIrvine, CA &#8211; Tsukuba, Japan<br \/>\nLivermore, CA &#8211; Yotsukaido, Japan<br \/>\nLodi, CA &#8211; Kofu, Japan<br \/>\nLong Beach, CA &#8211; Yokkaichi, Japan<br \/>\nLos Angeles, CA &#8211; Nagoya, Japan<br \/>\nMendocino, CA &#8211; Miasa Omachi, Japan<br \/>\nModesto, CA &#8211; Kurume, Japan<br \/>\nMorgan Hill, CA &#8211; Mizuho, Japan<br \/>\nMonterey, CA &#8211; Nanao, Japan<br \/>\nMountain View, CA &#8211; Iwata, Japan<br \/>\nNewport Beach, CA &#8211; Okazaki, Japan<br \/>\nPalo Alto, CA &#8211; Tsuchiura, Japan<br \/>\nPasadena, CA &#8211; Mishima, Japan<br \/>\nRedlands, CA &#8211; Hino, Japan<br \/>\nRedondo Beach, CA &#8211; Itoman, Japan<br \/>\nRichmond, CA &#8211; Shimada, Japan<br \/>\nRiverside, CA &#8211; Sendai, Japan<br \/>\nSacramento, CA &#8211; Matsuyama, Japan<br \/>\nSan Bernardino, CA &#8211; Tachikawa, Japan<br \/>\nSan Diego, CA &#8211; Yokohama, Japan<br \/>\nSan Francisco, CA &#8211; Osaka, Japan<br \/>\nSan Jose, CA &#8211; Okayama, Japan<br \/>\nSanta Barbara, CA- Toba, Japan<br \/>\nSanta Cruz, CA &#8211; Shingu, Japan<br \/>\nSanta Monica, CA &#8211; Fujinomiya, Japan<br \/>\nSanta Monica, CA &#8211; Kizugawa, Japan<br \/>\nSebastopol, CA &#8211; Takeo, Japan<br \/>\nSouth San Francisco, CA &#8211; Kishiwada, Japan<br \/>\nStockton, CA &#8211; Shimizu, Shizuoka, Japan<br \/>\nTemecula, CA &#8211; Daisen (Nakayama), Japan<br \/>\nVallejo, CA &#8211; Akashi, Japan<\/p>\n<p><strong>Jordan<\/strong><br \/>\nSan Francisco, CA &#8211; Amman, Jordan<\/p>\n<p><strong>Kenya<\/strong><br \/>\nLong Beach, CA &#8211; Mombasa, Kenya<br \/>\nSan Diego, CA &#8211; Amboseli, Kenya<\/p>\n<p><strong>Lebanon<\/strong><br \/>\nLos Angeles, CA &#8211; Beirut, Lebanon<\/p>\n<p><strong>Lithuania<\/strong><br \/>\nLos Angeles, CA &#8211; Kaunas, Lithuania<\/p>\n<p><strong>Mexico<\/strong><br \/>\nAntioch, CA &#8211; Hidalgo del Parral, Mexico<br \/>\nAntioch, CA &#8211; Lazaro Cardenas, Mexico<br \/>\nBakersfield, CA &#8211; Queretaro, Mexico<br \/>\nBeverly Hills, CA &#8211; Acapulco, Mexico<br \/>\nCulver City, CA &#8211; Uruapan, Mexico<br \/>\nGardena, CA &#8211; Huatabampo, Mexico<br \/>\nHayward, CA &#8211; San Felipe, Mexico<br \/>\nHermosa Beach, CA &#8211; Loreto, Mexico<br \/>\nIrvine, CA &#8211; Hermosillo, Mexico<br \/>\nLaguna Beach, CA &#8211; San Jos\u00e9 del Cabo, Mexico<br \/>\nLong Beach, CA &#8211; Rosarito Beach, Mexico<br \/>\nLos Angeles, CA &#8211; Mexico City, Mexico<br \/>\nModesto, CA &#8211; Aguascalientes, Mexico<br \/>\nMorgan Hill, CA &#8211; San Martin de Hidalgo, Mexico<br \/>\nMorgan Hill, CA &#8211; Ameca, Mexico<br \/>\nNewport Beach, CA &#8211; Ensenada, Mexico<br \/>\nOntario, CA &#8211; Guamuchil, Mexico<br \/>\nOntario, CA &#8211; Mocorito, Mexico<br \/>\nPalm Desert, CA &#8211; Ixtapa Zihuatanejo, Mexico<br \/>\nPalm Springs, CA &#8211; San Miguel de Allende, Mexico<br \/>\nPalo Alto, CA &#8211; Oaxaca, Mexico<br \/>\nRedlands, CA &#8211; San Miguel de Allende, Mexico<br \/>\nRedondo Beach, CA &#8211; Ensenada, Mexico<br \/>\nRedondo Beach, CA &#8211; La Paz, Mexico<br \/>\nRedwood City, CA &#8211; Colima, Mexico<br \/>\nRedwood City, CA &#8211; Ciudad Guzman, Mexico<br \/>\nRiverbank, CA &#8211; Tamazula de Gordiano, Mexico<br \/>\nRiverside, CA &#8211; Cuautla, Mexico<br \/>\nRiverside, CA &#8211; Ensenada, Mexico<br \/>\nSacramento, CA &#8211; Mexicali, Mexico<br \/>\nSan Diego, CA &#8211; Leon, Mexico<br \/>\nSan Diego, CA &#8211; Tijuana, Mexico<br \/>\nSan Jose, CA &#8211; Veracruz, Mexico<br \/>\nSan Jose, CA &#8211; Guadalajara, Mexico<br \/>\nSan Pablo, CA &#8211; Manzanillo, Mexico<br \/>\nSanta Barbara, CA &#8211; Puerto Vallarta, Mexico<br \/>\nSanta Fe Springs, CA &#8211; Navojoa, Mexico<br \/>\nSanta Monica, CA &#8211; Mazatlan, Mexico<br \/>\nSouth San Francisco, CA &#8211; Atotonilco, Mexico<br \/>\nStockton, CA &#8211; Empalme, Mexico<br \/>\nTemple City, CA &#8211; Magdalena de Kino, Mexico<br \/>\nUnion City, CA &#8211; Sana Rosalia, Mexico<br \/>\nUpland City, CA &#8211; Caborca, Mexico<\/p>\n<p><strong>Moldova<\/strong><br \/>\nSacramento, CA &#8211; Chisinau, Moldova<\/p>\n<p><strong>Montenegro<\/strong><br \/>\nSanta Barbara, CA &#8211; Kotor, Montenegro<br \/>\nSacramento, CA &#8211; Hamilton, New Zealand<\/p>\n<p><strong>Netherlands<\/strong><br \/>\nPalo Alto, CA &#8211; Enschede, Netherlands<\/p>\n<p><strong>New Zealand<\/strong><br \/>\nLos Angeles, CA &#8211; Auckland, New Zealand<br \/>\nPalm Desert, CA &#8211; Gisborne, New Zealand<\/p>\n<p><strong>Nicaragua<\/strong><br \/>\nSacramento, CA &#8211; San Juan de Oriente, Nicaragua<br \/>\nSanta Cruz, CA &#8211; Jinotepe, Nicaragua<\/p>\n<p><strong>Nigeria<\/strong><br \/>\nStockton, CA &#8211; Asaba, Nigeria<\/p>\n<p><strong>Norway<\/strong><br \/>\nVallejo, CA &#8211; Trondheim, Norway<\/p>\n<p><strong>Palestinian Territories<\/strong><br \/>\nSacramento, CA &#8211; Bethlehem, Palestinian Territories<\/p>\n<p><strong>Panama<\/strong><br \/>\nSan Diego, CA &#8211; Panama City, Panama<\/p>\n<p><strong>Philippines<\/strong><br \/>\nAlameda, CA &#8211; Dumaguete, Philippines<br \/>\nCarson, CA &#8211; Para\u00f1aque, Philippines<br \/>\nCarson, CA &#8211; La Carlota, Philippines<br \/>\nLong Beach, CA &#8211; Bacolod, Philippines<br \/>\nMakati, CA &#8211; Makati, Philippines<br \/>\nPalo Alto, CA &#8211; Palo, Philippines<br \/>\nSan Diego, CA &#8211; Cavite, Philippines<br \/>\nSan Francisco, CA &#8211; Manila, Philippines<br \/>\nSanta Barbara, CA &#8211; San Juan, Philippines<br \/>\nSanta Clarita, CA &#8211; Sariaya, Philippines<br \/>\nSouth San Francisco, CA &#8211; Pasig City, Philippines<br \/>\nStockton, CA &#8211; Iloilo, Philippines<br \/>\nUnion City, CA &#8211; Baybay, Philippines<br \/>\nUnion City, CA &#8211; Pasay, Philippines<br \/>\nVallejo, CA &#8211; Baguio, Philippines<\/p>\n<p><strong>Poland<\/strong><br \/>\nSan Diego, CA &#8211; Warsaw, Poland<br \/>\nSan Francisco, CA &#8211; Krakow, Poland<\/p>\n<p><strong>Portugal<\/strong><br \/>\nHayward, CA &#8211; Faro, Portugal<\/p>\n<p><strong>Russia<\/strong><br \/>\nLivermore, CA &#8211; Snezhinsk, Russia<br \/>\nLong Beach, CA &#8211; Sochi, Russia<br \/>\nLos Angeles, CA &#8211; St. Petersburg, Russia<br \/>\nSan Diego, CA &#8211; Vladivostok, Russia<br \/>\nSan Jose, CA &#8211; Ekaterinburg, Russia<br \/>\nSanta Clara County, CA &#8211; Moscow, Russia<\/p>\n<p><strong>Scotland<\/strong><br \/>\nSan Diego, CA &#8211; Edinburgh, Scotland, United Kingdom<\/p>\n<p><strong>Senegal<\/strong><br \/>\nPasadena, CA &#8211; Dakar-Plateau, Senegal<\/p>\n<p><strong>South Korea<\/strong><br \/>\nAlameda, CA &#8211; Yeongdong-Gun, South Korea<br \/>\nBakersfield, CA &#8211; Bucheon, South Korea<br \/>\nBurbank, CA &#8211; Incheon, South Korea<br \/>\nCarson, CA &#8211; Wanju-Gu County, South Korea<br \/>\nCulver City, CA &#8211; Iksan, South Korea<br \/>\nCulver City, CA &#8211; Iri, South Korea<br \/>\nIrvine, CA &#8211; Seocho, South Korea<br \/>\nIrvine, CA &#8211; Nowon, South Korea<br \/>\nLos Angeles, CA &#8211; Busan, South Korea<br \/>\nPasadena, CA &#8211; Paju, South Korea<br \/>\nRiverside, CA &#8211; Gangnam-Gu, South Korea<br \/>\nSacramento, CA &#8211; Yongsan-Gu, South Korea<br \/>\nSan Diego, CA &#8211; Jeonju, South Korea<br \/>\nSan Francisco, CA &#8211; Seoul, South Korea<br \/>\nVallejo, CA &#8211; Jincheon, South Korea<\/p>\n<p><strong>Spain<\/strong><br \/>\nAnaheim, CA &#8211; Vitoria-Gasteiz, Spain<br \/>\nLa Ca\u00f1ada Flintridge &#8211; Villanueva de la Ca\u00f1ada, Spain<br \/>\nMonterey, CA &#8211; Lleida, Spain<br \/>\nSan Diego, CA &#8211; Alcal\u00e1 de Henares, Spain<br \/>\nSan Francisco, CA &#8211; Barcelona, Spain<\/p>\n<p><strong>Sweden<\/strong><br \/>\nBurbank, CA &#8211; Solna, Sweden<br \/>\nPalo Alto, CA &#8211; Linkoping, Sweden<\/p>\n<p><strong>Switzerland<\/strong><br \/>\nOntario, CA &#8211; Winterthur, Switzerland<br \/>\nSacramento, CA &#8211; Liestal, Switzerland<br \/>\nSan Francisco, CA &#8211; Zurich, Switzerland<\/p>\n<p><strong>Taiwan<\/strong><br \/>\nCupertino, CA &#8211; Hsinchu, Taiwan<br \/>\nIrvine, CA &#8211; Taoyuan, Taiwan<br \/>\nLos Angeles, CA &#8211; New Taipei City, Taiwan<br \/>\nMonterey &#8211; Tainan City, Taiwan<br \/>\nSan Diego, CA &#8211; Taichung, Taiwan<br \/>\nSan Jose, CA &#8211; Tainan City, Taiwan<br \/>\nSan Francisco, CA &#8211; Taipei, Taiwan<br \/>\nSanta Clara County, CA &#8211; Hsinchu County, Taiwan<\/p>\n<p><strong>Tanzania<\/strong><br \/>\nVallejo, CA &#8211; Bagamoyo, Tanzania<\/p>\n<p><strong>Thailand<\/strong><br \/>\nUnion City, CA &#8211; Chiang Rai, Thailand<\/p>\n<p><strong>Turkey<\/strong><br \/>\nLong Beach, CA &#8211; Izmir, Turkey<br \/>\nMonterey, CA &#8211; Kusadasi, Turkey<br \/>\nMorgan Hill, CA &#8211; Seferihisar, Turkey<\/p>\n<p><strong>Uganda<\/strong><br \/>\nSanta Cruz, CA &#8211; Kasese, Uganda<\/p>\n<p><strong>Ukraine<\/strong><br \/>\nModesto, CA &#8211; Khmelnytskyi, Ukraine<br \/>\nSanta Cruz, CA &#8211; Alushta, Ukraine<br \/>\nSebastopol, CA &#8211; Chyhyryn, Ukraine<\/p>\n<p><strong>Vietnam<\/strong><br \/>\nRiverside, CA &#8211; Can Tho, Vietnam<br \/>\nSan Francisco, CA &#8211; Ho Chi Minh, Vietnam<\/p>\n<p><strong>Zambia<\/strong><br \/>\nLos Angeles, CA &#8211; Lusaka, Zambia[\/vc_column_text][\/vc_column][vc_column width=&#8221;1\/2&#8243;][vc_single_image image=&#8221;1710&#8243; img_size=&#8221;large&#8221;][\/vc_column][\/vc_row]<\/p>\n<\/section>","protected":false},"excerpt":{"rendered":"<p>[vc_row][vc_column width=&#8221;1\/2&#8243;][vc_column_text]Afghanistan Hayward, CA &#8211; Ghazni, Afghanistan San Diego &#8211; Jalalabad, Afghanistan Union City, CA &#8211; Asadabad, Afghanistan Argentina San Clemente, CA &#8211; Balcarce, Argentina San Clemente, CA &#8211; San Clemente del Tuyu, Argentina San Clemente, CA &#8211; San&hellip;<\/p>\n","protected":false},"author":1,"featured_media":1710,"parent":0,"menu_order":0,"comment_status":"closed","ping_status":"closed","template":"","meta":{"footnotes":""},"class_list":["post-1717","page","type-page","status-publish","has-post-thumbnail","hentry"],"_links":{"self":[{"href":"https:\/\/californiasistercities.org\/index.php?rest_route=\/wp\/v2\/pages\/1717","targetHints":{"allow":["GET"]}}],"collection":[{"href":"https:\/\/californiasistercities.org\/index.php?rest_route=\/wp\/v2\/pages"}],"about":[{"href":"https:\/\/californiasistercities.org\/index.php?rest_route=\/wp\/v2\/types\/page"}],"author":[{"embeddable":true,"href":"https:\/\/californiasistercities.org\/index.php?rest_route=\/wp\/v2\/users\/1"}],"replies":[{"embeddable":true,"href":"https:\/\/californiasistercities.org\/index.php?rest_route=%2Fwp%2Fv2%2Fcomments&post=1717"}],"version-history":[{"count":0,"href":"https:\/\/californiasistercities.org\/index.php?rest_route=\/wp\/v2\/pages\/1717\/revisions"}],"wp:featuredmedia":[{"embeddable":true,"href":"https:\/\/californiasistercities.org\/index.php?rest_route=\/wp\/v2\/media\/1710"}],"wp:attachment":[{"href":"https:\/\/californiasistercities.org\/index.php?rest_route=%2Fwp%2Fv2%2Fmedia&parent=1717"}],"curies":[{"name":"wp","href":"https:\/\/api.w.org\/{rel}","templated":true}]}}